{"id":318,"date":"2023-03-20T21:14:10","date_gmt":"2023-03-20T21:14:10","guid":{"rendered":"https:\/\/lidiaydaniel.nosinvitan.com\/?page_id=318"},"modified":"2023-03-20T22:15:34","modified_gmt":"2023-03-20T22:15:34","slug":"nuestro-viaje","status":"publish","type":"page","link":"https:\/\/lidiaydaniel.nosinvitan.com\/?page_id=318","title":{"rendered":"Nuestro viaje"},"content":{"rendered":"\n<h2 class=\"has-text-align-center wp-block-heading\">Asia nos espera&#8230;<\/h2>\n\n\n\n<div style=\"height:20px\" aria-hidden=\"true\" class=\"wp-block-spacer\"><\/div>\n\n\n\n<p class=\"has-text-align-center\">Compartir una fecha tan se\u00f1alada con todos vosotros es nuestro mejor regalo. Pero como ya sabemos de alguno quiere colaborar, os dejamos nuestro n\u00famero de cuenta para aquellos que quieran contribuir a que realicemos el viaje m\u00e1s emocionante que hemos emprendido hasta el momento. <\/p>\n\n\n\n<p class=\"has-text-align-center has-accent-1-color has-text-color\"><strong>ES6914650100961753998424<\/strong><\/p>\n\n\n\n<p class=\"has-text-align-center\">Gracias de coraz\u00f3n por vuestro detalle y por los momentos que viviremos en este d\u00eda tan esperado. <\/p>\n\n\n\n<p class=\"has-text-align-center\">Asia nos espera con los brazos abiertos, igual que os esperamos a todos vosotros el 1 de julio de 2023.<\/p>\n\n\n\n<p class=\"has-text-align-center\"><strong>Lidia y Daniel <\/strong><\/p>\n","protected":false},"excerpt":{"rendered":"<p>Asia nos espera&#8230; Compartir una fecha tan se\u00f1alada con todos vosotros es nuestro mejor regalo. Pero como ya sabemos de alguno quiere colaborar, os dejamos &hellip;<\/p>\n","protected":false},"author":1,"featured_media":0,"parent":0,"menu_order":7,"comment_status":"closed","ping_status":"closed","template":"","meta":{"_eb_attr":"","footnotes":""},"class_list":["post-318","page","type-page","status-publish","hentry"],"_links":{"self":[{"href":"https:\/\/lidiaydaniel.nosinvitan.com\/index.php?rest_route=\/wp\/v2\/pages\/318","targetHints":{"allow":["GET"]}}],"collection":[{"href":"https:\/\/lidiaydaniel.nosinvitan.com\/index.php?rest_route=\/wp\/v2\/pages"}],"about":[{"href":"https:\/\/lidiaydaniel.nosinvitan.com\/index.php?rest_route=\/wp\/v2\/types\/page"}],"author":[{"embeddable":true,"href":"https:\/\/lidiaydaniel.nosinvitan.com\/index.php?rest_route=\/wp\/v2\/users\/1"}],"replies":[{"embeddable":true,"href":"https:\/\/lidiaydaniel.nosinvitan.com\/index.php?rest_route=%2Fwp%2Fv2%2Fcomments&post=318"}],"version-history":[{"count":16,"href":"https:\/\/lidiaydaniel.nosinvitan.com\/index.php?rest_route=\/wp\/v2\/pages\/318\/revisions"}],"predecessor-version":[{"id":389,"href":"https:\/\/lidiaydaniel.nosinvitan.com\/index.php?rest_route=\/wp\/v2\/pages\/318\/revisions\/389"}],"wp:attachment":[{"href":"https:\/\/lidiaydaniel.nosinvitan.com\/index.php?rest_route=%2Fwp%2Fv2%2Fmedia&parent=318"}],"curies":[{"name":"wp","href":"https:\/\/api.w.org\/{rel}","templated":true}]}}