{"id":151,"date":"2023-02-09T08:09:36","date_gmt":"2023-02-09T08:09:36","guid":{"rendered":"https:\/\/lidiaydaniel.nosinvitan.com\/?page_id=151"},"modified":"2023-06-22T21:06:21","modified_gmt":"2023-06-22T21:06:21","slug":"playlist","status":"publish","type":"page","link":"https:\/\/lidiaydaniel.nosinvitan.com\/?page_id=151","title":{"rendered":"Playlist"},"content":{"rendered":"\n<p>Para que todos podamos darlo todo sobre la pista de baile os animamos a que particip\u00e9is a crear la playlist de nuestra boda. A\u00f1ade tu canci\u00f3n favorita a nuestra lista abierta de Spotify y que no pare la fiesta! Adem\u00e1s, tambi\u00e9n te servir\u00e1 para ir calentando motores&#8230; <\/p>\n\n\n\n<h2 class=\"wp-block-heading\">C\u00f3mo funciona<\/h2>\n\n\n\n<p>Haz clic <a href=\"https:\/\/open.spotify.com\/playlist\/0yeR5cJa452AHUTHqTnt0E?si=z8KAso7xTvikBIbwx_W5-g&amp;pt=1348c14a77589382022f3e24445d0163\" target=\"_blank\" rel=\"noreferrer noopener\">aqu\u00ed<\/a> para unirte a nuestra lista de Spotify y empieza a a\u00f1adir las canciones que crees que m\u00e1s pegan con el gran d\u00eda. Pero si no quieres a\u00f1adir canciones y solo quieres cotillear, aqu\u00ed te dejamos una previsualizaci\u00f3n de lo que estamos recopilando, disfruta!<\/p>\n\n\n\n<figure class=\"wp-block-embed is-type-rich is-provider-spotify wp-block-embed-spotify wp-embed-aspect-21-9 wp-has-aspect-ratio\"><div class=\"wp-block-embed__wrapper\">\n<iframe title=\"Spotify Embed: Lidia &amp; Daniel\" style=\"border-radius: 12px\" width=\"100%\" height=\"352\" frameborder=\"0\" allowfullscreen allow=\"autoplay; clipboard-write; encrypted-media; fullscreen; picture-in-picture\" loading=\"lazy\" src=\"https:\/\/open.spotify.com\/embed\/playlist\/0yeR5cJa452AHUTHqTnt0E?si=ONtPgbT8RGWTVd9Vc6RlGg&#038;utm_source=oembed\"><\/iframe>\n<\/div><\/figure>\n","protected":false},"excerpt":{"rendered":"<p>Para que todos podamos darlo todo sobre la pista de baile os animamos a que particip\u00e9is a crear la playlist de nuestra boda. A\u00f1ade tu &hellip;<\/p>\n","protected":false},"author":1,"featured_media":0,"parent":0,"menu_order":3,"comment_status":"closed","ping_status":"closed","template":"","meta":{"_eb_attr":"","footnotes":""},"class_list":["post-151","page","type-page","status-publish","hentry"],"_links":{"self":[{"href":"https:\/\/lidiaydaniel.nosinvitan.com\/index.php?rest_route=\/wp\/v2\/pages\/151","targetHints":{"allow":["GET"]}}],"collection":[{"href":"https:\/\/lidiaydaniel.nosinvitan.com\/index.php?rest_route=\/wp\/v2\/pages"}],"about":[{"href":"https:\/\/lidiaydaniel.nosinvitan.com\/index.php?rest_route=\/wp\/v2\/types\/page"}],"author":[{"embeddable":true,"href":"https:\/\/lidiaydaniel.nosinvitan.com\/index.php?rest_route=\/wp\/v2\/users\/1"}],"replies":[{"embeddable":true,"href":"https:\/\/lidiaydaniel.nosinvitan.com\/index.php?rest_route=%2Fwp%2Fv2%2Fcomments&post=151"}],"version-history":[{"count":33,"href":"https:\/\/lidiaydaniel.nosinvitan.com\/index.php?rest_route=\/wp\/v2\/pages\/151\/revisions"}],"predecessor-version":[{"id":430,"href":"https:\/\/lidiaydaniel.nosinvitan.com\/index.php?rest_route=\/wp\/v2\/pages\/151\/revisions\/430"}],"wp:attachment":[{"href":"https:\/\/lidiaydaniel.nosinvitan.com\/index.php?rest_route=%2Fwp%2Fv2%2Fmedia&parent=151"}],"curies":[{"name":"wp","href":"https:\/\/api.w.org\/{rel}","templated":true}]}}